{"id":18629,"date":"2019-09-02T15:39:40","date_gmt":"2019-09-02T13:39:40","guid":{"rendered":"https:\/\/ibil.wpengine.com\/estaciones-de-servicio\/"},"modified":"2020-03-04T10:48:57","modified_gmt":"2020-03-04T09:48:57","slug":"estacoes-de-servico","status":"publish","type":"page","link":"https:\/\/evsare.com\/pt\/estacoes-de-servico\/","title":{"rendered":"ESTA\u00c7\u00d5ES DE SERVI\u00c7O"},"content":{"rendered":"<div class=\"wpb-content-wrapper\"><p>[vc_section full_width=&#8221;stretch_row&#8221; css=&#8221;.vc_custom_1567435357272{padding-top: 70px !important;padding-bottom: 70px !important;background-color: #eeeeee !important;}&#8221;][vc_row][vc_column width=&#8221;1\/6&#8243;][\/vc_column][vc_column width=&#8221;2\/3&#8243;][vc_column_text el_class=&#8221;cnc-headline&#8221;]<\/p>\n<h1>Aumento da autonomia rodovi\u00e1ria<\/h1>\n<p>[\/vc_column_text][vc_column_text el_class=&#8221;cnc-headline small&#8221;]<\/p>\n<h3>Fornecimento de energia para uma nova mobilidade<\/h3>\n<p>[\/vc_column_text][vc_column_text]As esta\u00e7\u00f5es de Servi\u00e7o ampliam a sua oferta e oferecem aos seus clientes um novo servi\u00e7o de mobilidade el\u00e9trica que vai permitir:<\/p>\n<ul>\n<li>Captar e fidelizar clientes.<\/li>\n<li>Incrementar receitas, diretas e indiretas, por exemplo aumentando o tempo de estadia do utilizador nas esta\u00e7\u00f5es de Servi\u00e7o.<\/li>\n<li>Aporta \u00e0 companhia valores de inova\u00e7\u00e3o, digitaliza\u00e7\u00e3o e sustentabilidade.<\/li>\n<\/ul>\n<p>[\/vc_column_text][\/vc_column][vc_column width=&#8221;1\/6&#8243;][\/vc_column][\/vc_row][\/vc_section][vc_section full_width=&#8221;stretch_row&#8221; css=&#8221;.vc_custom_1569845295205{padding-top: 70px !important;padding-bottom: 70px !important;}&#8221;][vc_row][vc_column width=&#8221;1\/1&#8243;][vc_column_text]<\/p>\n<h4 style=\"text-align: center;\">IBIL, l\u00edderes em tecnologia e sistemas de carregamento em Espanha<\/h4>\n<p>[\/vc_column_text][vc_row_inner][vc_column_inner width=&#8221;1\/3&#8243;]<div class=\"single_image wpb_content_element align-left    \" data-animation=\"none\" data-delay=\"0\"><img loading=\"lazy\" decoding=\"async\" width=\"1920\" height=\"1080\" src=\"https:\/\/evsare.com\/wp-content\/uploads\/2019\/09\/Soluciones1_Energiayservicios.jpg\" class=\"attachment-full\" alt=\"\" title=\"Soluciones1_Energiayservicios\" srcset=\"https:\/\/evsare.com\/wp-content\/uploads\/2019\/09\/Soluciones1_Energiayservicios.jpg 1920w, https:\/\/evsare.com\/wp-content\/uploads\/2019\/09\/Soluciones1_Energiayservicios-300x169.jpg 300w, https:\/\/evsare.com\/wp-content\/uploads\/2019\/09\/Soluciones1_Energiayservicios-768x432.jpg 768w, https:\/\/evsare.com\/wp-content\/uploads\/2019\/09\/Soluciones1_Energiayservicios-1024x576.jpg 1024w, https:\/\/evsare.com\/wp-content\/uploads\/2019\/09\/Soluciones1_Energiayservicios-1000x563.jpg 1000w\" sizes=\"auto, (max-width: 1920px) 100vw, 1920px\" \/><\/div>[vc_column_text]<strong>Especializa\u00e7\u00e3o<\/strong><\/p>\n<p>A IBIL \u00e9 o parceiro eleito por Repsol, o l\u00edder nacional, para a eletrifica\u00e7\u00e3o das suas Esta\u00e7\u00f5es de Servi\u00e7o. A <b>experi\u00eancia demonstrada nestes ambientes e sistemas tecnol\u00f3gicos pr\u00f3prios<\/b> garantem o fornecimento e a satisfa\u00e7\u00e3o dos utilizadores.<\/p>\n<p>Se o cliente deseja, a imagem da pr\u00f3pria ES pode ser a marca de servi\u00e7o dos carregamentos. O utilizador final recebe o carregamento do ve\u00edculo el\u00e9trico como um produto adicional que lhe oferece o seu fornecedor habitual.<\/p>\n<p>Gra\u00e7as aos desenvolvimentos concretizados<b> nos \u00faltimos 10 anos de experi\u00eancia<\/b>, a incorpora\u00e7\u00e3o do servi\u00e7o de carregamento, na esta\u00e7\u00e3o, \u00e9 um processo r\u00e1pido e \u00e1gil.\u00a0 Al\u00e9m de se tratar de um projeto chave na m\u00e3o, a tecnologia IBIL permite o controlo total do neg\u00f3cio de carregamento.[\/vc_column_text][\/vc_column_inner][vc_column_inner width=&#8221;1\/3&#8243;]<div class=\"single_image wpb_content_element align-left    \" data-animation=\"none\" data-delay=\"0\"><img loading=\"lazy\" decoding=\"async\" width=\"1920\" height=\"1080\" src=\"https:\/\/evsare.com\/wp-content\/uploads\/2019\/09\/Soluciones2_EnergiayServicios.jpg\" class=\"attachment-full\" alt=\"\" title=\"Soluciones2_EnergiayServicios\" srcset=\"https:\/\/evsare.com\/wp-content\/uploads\/2019\/09\/Soluciones2_EnergiayServicios.jpg 1920w, https:\/\/evsare.com\/wp-content\/uploads\/2019\/09\/Soluciones2_EnergiayServicios-300x169.jpg 300w, https:\/\/evsare.com\/wp-content\/uploads\/2019\/09\/Soluciones2_EnergiayServicios-768x432.jpg 768w, https:\/\/evsare.com\/wp-content\/uploads\/2019\/09\/Soluciones2_EnergiayServicios-1024x576.jpg 1024w, https:\/\/evsare.com\/wp-content\/uploads\/2019\/09\/Soluciones2_EnergiayServicios-1000x563.jpg 1000w\" sizes=\"auto, (max-width: 1920px) 100vw, 1920px\" \/><\/div>[vc_column_text]<strong>Servi\u00e7o integrado no seu local de neg\u00f3cio<\/strong><\/p>\n<p>O controlo total do novo neg\u00f3cio de carregamento est\u00e1 garantido pois a <b>esta\u00e7\u00e3o de servi\u00e7o<\/b> decide sobre que pol\u00edtica comercial adotar, em termos de pre\u00e7o, promo\u00e7\u00f5es de fideliza\u00e7\u00e3o ou pot\u00eancia de carregamento. N\u00e3o existem decis\u00f5es de terceiros sobre o fornecimento de energia.<\/p>\n<p><b>A <\/b><b>fatura\u00e7\u00e3o<\/b><b> do servi\u00e7o de carregamento ao utilizador pode ser integrada no sistema da esta\u00e7\u00e3o de servi\u00e7o.<\/b> Deste modo, o carregamento pode ser faturado com um produto mais na fatura habitual, ou atrav\u00e9s da aplica\u00e7\u00e3o, com o pagamento feito no telemovel e a emiss\u00e3o de um recibo de compra.<\/p>\n<p>A conex\u00e3o dos equipamentos com a <b>plataforma de carregamento na nuvem <\/b><b>IBILcloud<\/b> permite o acesso a todos os dados de energia e estat\u00edsticas de consumo, <b>em tempo real<\/b>.[\/vc_column_text][\/vc_column_inner][vc_column_inner width=&#8221;1\/3&#8243;]<div class=\"single_image wpb_content_element align-left    \" data-animation=\"none\" data-delay=\"0\"><img loading=\"lazy\" decoding=\"async\" width=\"1920\" height=\"1080\" src=\"https:\/\/evsare.com\/wp-content\/uploads\/2019\/09\/Soluciones3_EnergiayServicios_ProveedoresServicios.jpg\" class=\"attachment-full\" alt=\"\" title=\"Soluciones3_EnergiayServicios_ProveedoresServicios\" srcset=\"https:\/\/evsare.com\/wp-content\/uploads\/2019\/09\/Soluciones3_EnergiayServicios_ProveedoresServicios.jpg 1920w, https:\/\/evsare.com\/wp-content\/uploads\/2019\/09\/Soluciones3_EnergiayServicios_ProveedoresServicios-300x169.jpg 300w, https:\/\/evsare.com\/wp-content\/uploads\/2019\/09\/Soluciones3_EnergiayServicios_ProveedoresServicios-768x432.jpg 768w, https:\/\/evsare.com\/wp-content\/uploads\/2019\/09\/Soluciones3_EnergiayServicios_ProveedoresServicios-1024x576.jpg 1024w, https:\/\/evsare.com\/wp-content\/uploads\/2019\/09\/Soluciones3_EnergiayServicios_ProveedoresServicios-1000x563.jpg 1000w\" sizes=\"auto, (max-width: 1920px) 100vw, 1920px\" \/><\/div>[vc_column_text]<strong>A melhor experi\u00eancia para o utilizador<\/strong><\/p>\n<p>Gra\u00e7as \u00e0 incorpora\u00e7\u00e3o da tecnologia de carregamento ultrarr\u00e1pido, o tempo de carregamento da bateria de um autom\u00f3vel pode cair para um m\u00e1ximo de 6 minutos.<\/p>\n<p>A possibilidade de carregar em poucos minutos, juntamente com simplicidade do processo de carregamento, atrav\u00e9s de uma <b>aplica\u00e7\u00e3o de telem\u00f3vel<\/b>, melhora a experi\u00eancia para o utilizador na Esta\u00e7\u00e3o de Servi\u00e7o.<\/p>\n<p>A infraestrutura IBIL oferece a maior garantia de fornecimento e se otimiza com um servi\u00e7o de atendimento ao cliente 24x7x365, com a possibilidade de atua\u00e7\u00e3o \u00e0 dist\u00e2ncia sobre os equipamentos, em tempo real, para resolu\u00e7\u00e3o de incid\u00eancias \u00e0 dist\u00e2ncia.[\/vc_column_text][\/vc_column_inner][\/vc_row_inner][\/vc_column][\/vc_row][vc_row][vc_column width=&#8221;1\/6&#8243;][\/vc_column][vc_column text_align=&#8221;center&#8221; width=&#8221;2\/3&#8243;]<div class=\"spacer\" style=\"height: 35px;\"><\/div><a href=\"https:\/\/evsare.com\/pt\/contacto\/\" target=\"_self\" class=\"button blue medium \" style=\"border-radius: 2px;\">Contacte connosco<\/a><div class=\"spacer\" style=\"height: 35px;\"><\/div>[\/vc_column][vc_column width=&#8221;1\/6&#8243;][\/vc_column][\/vc_row][\/vc_section][vc_section full_width=&#8221;stretch_row&#8221; el_class=&#8221;cnc-cmp-4&#8243;][vc_row type=&#8221;full_width_section&#8221;][vc_column column_center=&#8221;true&#8221; width=&#8221;1\/3&#8243;][vc_row_inner][vc_column_inner css=&#8221;.vc_custom_1567435315187{padding-right: 80px !important;padding-left: 80px !important;}&#8221;][vc_column_text el_class=&#8221;cnc-headline&#8221;]<\/p>\n<h2>Repsol: a primeira esta\u00e7\u00e3o de carregamento ultrarr\u00e1pido em Espanha<\/h2>\n<p>[\/vc_column_text][vc_column_text]A instala\u00e7\u00e3o, localizada na esta\u00e7\u00e3o de servi\u00e7o Repsol de Lopidana (Alava), permite o carregamento de ve\u00edculos el\u00e9ctricos, que suportem a sua pot\u00eancia, num per\u00edodo de entre cinco e dez minutos, similar ao que \u00e9 habitual num abastecimento convencional.<\/p>\n<p>O novo sistema de carregamento ultrarr\u00e1pido com uma pot\u00eancia m\u00e1xima de 700 kW, que pode ser dividido entre os seus diferentes pontos de abastecimento, em fun\u00e7\u00e3o da capacidade de carregamento dos ve\u00edculos, representa um grande avan\u00e7o que ir\u00e1 fomentar o uso do ve\u00edculo el\u00e9trico como meio de transporte interurbano.[\/vc_column_text][\/vc_column_inner][\/vc_row_inner][\/vc_column][vc_column el_class=&#8221;casos-exito&#8221; column_padding=&#8221;custom-padding&#8221; column_custompadding=&#8221;0 0 0 60px&#8221; width=&#8221;2\/3&#8243;]<div class=\"minti_carousel  grab-false dots\" data-columns=\"1\" data-tabletcolumns=\"1\" data-nav=\"true\" data-pagination=\"false\" data-autoplay=\"false\" data-animationtime=\"4000\"><div class=\"box clearfix style-7 wpb_content_element align-center \" style=\"padding: 5% 5% 5% 5%;background-image: url(https:\/\/evsare.com\/wp-content\/uploads\/2019\/09\/Caso-exito_Ultrarapida.jpg);min-height: 300px;\">\n<h3 style=\"text-align: center;\"><span style=\"color: #ffffff;\">Terminais de carregamento mais potentes, para ve\u00edculos el\u00e9tricos, a n\u00edvel nacional e europeu. <\/span><\/h3>\n<\/div><\/div>[\/vc_column][\/vc_row][\/vc_section][vc_section full_width=&#8221;stretch_row&#8221; el_id=&#8221;Referencias&#8221; el_class=&#8221;cnc-cmp-3&#8243; css=&#8221;.vc_custom_1567435043275{padding-top: 70px !important;padding-bottom: 70px !important;}&#8221;][vc_row][vc_column text_align=&#8221;center&#8221; width=&#8221;1\/1&#8243;][vc_column_text]<\/p>\n<h3>Refer\u00eancias<\/h3>\n<p>[\/vc_column_text][vc_row_inner][vc_column_inner]<div class=\"single_image wpb_content_element align-center    \" data-animation=\"none\" data-delay=\"0\"><img loading=\"lazy\" decoding=\"async\" width=\"240\" height=\"240\" src=\"https:\/\/evsare.com\/wp-content\/uploads\/2019\/09\/Intermax-1.png\" class=\"attachment-medium\" alt=\"\" title=\"Intermax\" srcset=\"https:\/\/evsare.com\/wp-content\/uploads\/2019\/09\/Intermax-1.png 240w, https:\/\/evsare.com\/wp-content\/uploads\/2019\/09\/Intermax-1-150x150.png 150w, https:\/\/evsare.com\/wp-content\/uploads\/2019\/09\/Intermax-1-80x80.png 80w\" sizes=\"auto, (max-width: 240px) 100vw, 240px\" \/><\/div><div class=\"single_image wpb_content_element align-center    \" data-animation=\"none\" data-delay=\"0\"><img loading=\"lazy\" decoding=\"async\" width=\"240\" height=\"240\" src=\"https:\/\/evsare.com\/wp-content\/uploads\/2019\/09\/Clece-1.png\" class=\"attachment-medium\" alt=\"\" title=\"Clece\" srcset=\"https:\/\/evsare.com\/wp-content\/uploads\/2019\/09\/Clece-1.png 240w, https:\/\/evsare.com\/wp-content\/uploads\/2019\/09\/Clece-1-150x150.png 150w, https:\/\/evsare.com\/wp-content\/uploads\/2019\/09\/Clece-1-80x80.png 80w\" sizes=\"auto, (max-width: 240px) 100vw, 240px\" \/><\/div><div class=\"single_image wpb_content_element align-center    \" data-animation=\"none\" data-delay=\"0\"><img loading=\"lazy\" decoding=\"async\" width=\"240\" height=\"240\" src=\"https:\/\/evsare.com\/wp-content\/uploads\/2019\/10\/U-Energia.png\" class=\"attachment-medium\" alt=\"U Energia\" title=\"U Energia\" srcset=\"https:\/\/evsare.com\/wp-content\/uploads\/2019\/10\/U-Energia.png 240w, https:\/\/evsare.com\/wp-content\/uploads\/2019\/10\/U-Energia-150x150.png 150w, https:\/\/evsare.com\/wp-content\/uploads\/2019\/10\/U-Energia-80x80.png 80w\" sizes=\"auto, (max-width: 240px) 100vw, 240px\" \/><\/div>[\/vc_column_inner][\/vc_row_inner][\/vc_column][\/vc_row][\/vc_section]<\/p>\n<\/div>","protected":false},"excerpt":{"rendered":"<p>[vc_section full_width=&#8221;stretch_row&#8221; css=&#8221;.vc_custom_1567435357272{padding-top: 70px !important;padding-bottom: 70px !important;background-color: #eeeeee !important;}&#8221;][vc_row][vc_column width=&#8221;1\/6&#8243;][\/vc_column][vc_column width=&#8221;2\/3&#8243;][vc_column_text el_class=&#8221;cnc-headline&#8221;] Aumento da autonomia rodovi\u00e1ria [\/vc_column_text][vc_column_text el_class=&#8221;cnc-headline small&#8221;] Fornecimento de energia para uma nova mobilidade [\/vc_column_text][vc_column_text]As esta\u00e7\u00f5es de Servi\u00e7o ampliam a sua oferta e oferecem aos seus clientes um novo servi\u00e7o de mobilidade el\u00e9trica que vai permitir: Captar e fidelizar clientes. Incrementar receitas, diretas e indiretas, por exemplo aumentando o tempo de estadia do utilizador nas esta\u00e7\u00f5es de Servi\u00e7o. Aporta \u00e0 companhia valores de inova\u00e7\u00e3o, digitaliza\u00e7\u00e3o e sustentabilidade. [\/vc_column_text][\/vc_column][vc_column width=&#8221;1\/6&#8243;][\/vc_column][\/vc_row][\/vc_section][vc_section full_width=&#8221;stretch_row&#8221; css=&#8221;.vc_custom_1569845295205{padding-top: 70px !important;padding-bottom: 70px !important;}&#8221;][vc_row][vc_column width=&#8221;1\/1&#8243;][vc_column_text] IBIL, l\u00edderes em tecnologia e sistemas de carregamento em Espanha [\/vc_column_text][vc_row_inner][vc_column_inner width=&#8221;1\/3&#8243;][vc_column_text]Especializa\u00e7\u00e3o A IBIL \u00e9 o parceiro eleito por Repsol, o l\u00edder nacional, para a eletrifica\u00e7\u00e3o das suas Esta\u00e7\u00f5es de Servi\u00e7o. A experi\u00eancia demonstrada nestes ambientes e sistemas tecnol\u00f3gicos pr\u00f3prios garantem o fornecimento e a satisfa\u00e7\u00e3o dos utilizadores. Se o cliente deseja, a imagem da pr\u00f3pria ES pode ser a marca de servi\u00e7o dos carregamentos. O utilizador final recebe o carregamento do ve\u00edculo el\u00e9trico como um produto adicional que lhe oferece o seu fornecedor habitual. Gra\u00e7as aos desenvolvimentos concretizados nos \u00faltimos 10 anos de experi\u00eancia, a incorpora\u00e7\u00e3o do servi\u00e7o de carregamento, na esta\u00e7\u00e3o, \u00e9 um processo r\u00e1pido e \u00e1gil.\u00a0 Al\u00e9m de se [&hellip;]<\/p>\n","protected":false},"author":1,"featured_media":0,"parent":0,"menu_order":0,"comment_status":"closed","ping_status":"closed","template":"","meta":{"footnotes":""},"class_list":["post-18629","page","type-page","status-publish","hentry"],"yoast_head":"<!-- This site is optimized with the Yoast SEO plugin v26.3 - https:\/\/yoast.com\/wordpress\/plugins\/seo\/ -->\n<title>ESTA\u00c7\u00d5ES DE SERVI\u00c7O - EVsare<\/title>\n<meta name=\"robots\" content=\"index, follow, max-snippet:-1, max-image-preview:large, max-video-preview:-1\" \/>\n<link rel=\"canonical\" href=\"https:\/\/evsare.com\/pt\/estacoes-de-servico\/\" \/>\n<meta property=\"og:locale\" content=\"pt_PT\" \/>\n<meta property=\"og:type\" content=\"article\" \/>\n<meta property=\"og:title\" content=\"ESTA\u00c7\u00d5ES DE SERVI\u00c7O - EVsare\" \/>\n<meta property=\"og:description\" content=\"[vc_section full_width=&#8221;stretch_row&#8221; css=&#8221;.vc_custom_1567435357272{padding-top: 70px !important;padding-bottom: 70px !important;background-color: #eeeeee !important;}&#8221;][vc_row][vc_column width=&#8221;1\/6&#8243;][\/vc_column][vc_column width=&#8221;2\/3&#8243;][vc_column_text el_class=&#8221;cnc-headline&#8221;] Aumento da autonomia rodovi\u00e1ria [\/vc_column_text][vc_column_text el_class=&#8221;cnc-headline small&#8221;] Fornecimento de energia para uma nova mobilidade [\/vc_column_text][vc_column_text]As esta\u00e7\u00f5es de Servi\u00e7o ampliam a sua oferta e oferecem aos seus clientes um novo servi\u00e7o de mobilidade el\u00e9trica que vai permitir: Captar e fidelizar clientes. Incrementar receitas, diretas e indiretas, por exemplo aumentando o tempo de estadia do utilizador nas esta\u00e7\u00f5es de Servi\u00e7o. Aporta \u00e0 companhia valores de inova\u00e7\u00e3o, digitaliza\u00e7\u00e3o e sustentabilidade. [\/vc_column_text][\/vc_column][vc_column width=&#8221;1\/6&#8243;][\/vc_column][\/vc_row][\/vc_section][vc_section full_width=&#8221;stretch_row&#8221; css=&#8221;.vc_custom_1569845295205{padding-top: 70px !important;padding-bottom: 70px !important;}&#8221;][vc_row][vc_column width=&#8221;1\/1&#8243;][vc_column_text] IBIL, l\u00edderes em tecnologia e sistemas de carregamento em Espanha [\/vc_column_text][vc_row_inner][vc_column_inner width=&#8221;1\/3&#8243;][vc_column_text]Especializa\u00e7\u00e3o A IBIL \u00e9 o parceiro eleito por Repsol, o l\u00edder nacional, para a eletrifica\u00e7\u00e3o das suas Esta\u00e7\u00f5es de Servi\u00e7o. A experi\u00eancia demonstrada nestes ambientes e sistemas tecnol\u00f3gicos pr\u00f3prios garantem o fornecimento e a satisfa\u00e7\u00e3o dos utilizadores. Se o cliente deseja, a imagem da pr\u00f3pria ES pode ser a marca de servi\u00e7o dos carregamentos. O utilizador final recebe o carregamento do ve\u00edculo el\u00e9trico como um produto adicional que lhe oferece o seu fornecedor habitual. Gra\u00e7as aos desenvolvimentos concretizados nos \u00faltimos 10 anos de experi\u00eancia, a incorpora\u00e7\u00e3o do servi\u00e7o de carregamento, na esta\u00e7\u00e3o, \u00e9 um processo r\u00e1pido e \u00e1gil.\u00a0 Al\u00e9m de se [&hellip;]\" \/>\n<meta property=\"og:url\" content=\"https:\/\/evsare.com\/pt\/estacoes-de-servico\/\" \/>\n<meta property=\"og:site_name\" content=\"EVsare\" \/>\n<meta property=\"article:modified_time\" content=\"2020-03-04T09:48:57+00:00\" \/>\n<meta name=\"twitter:card\" content=\"summary_large_image\" \/>\n<meta name=\"twitter:label1\" content=\"Tempo estimado de leitura\" \/>\n\t<meta name=\"twitter:data1\" content=\"5 minutos\" \/>\n<script type=\"application\/ld+json\" class=\"yoast-schema-graph\">{\"@context\":\"https:\/\/schema.org\",\"@graph\":[{\"@type\":\"WebPage\",\"@id\":\"https:\/\/evsare.com\/pt\/estacoes-de-servico\/\",\"url\":\"https:\/\/evsare.com\/pt\/estacoes-de-servico\/\",\"name\":\"ESTA\u00c7\u00d5ES DE SERVI\u00c7O - EVsare\",\"isPartOf\":{\"@id\":\"https:\/\/evsare.com\/#website\"},\"datePublished\":\"2019-09-02T13:39:40+00:00\",\"dateModified\":\"2020-03-04T09:48:57+00:00\",\"breadcrumb\":{\"@id\":\"https:\/\/evsare.com\/pt\/estacoes-de-servico\/#breadcrumb\"},\"inLanguage\":\"pt-PT\",\"potentialAction\":[{\"@type\":\"ReadAction\",\"target\":[\"https:\/\/evsare.com\/pt\/estacoes-de-servico\/\"]}]},{\"@type\":\"BreadcrumbList\",\"@id\":\"https:\/\/evsare.com\/pt\/estacoes-de-servico\/#breadcrumb\",\"itemListElement\":[{\"@type\":\"ListItem\",\"position\":1,\"name\":\"Home\",\"item\":\"https:\/\/evsare.com\/pt\/\"},{\"@type\":\"ListItem\",\"position\":2,\"name\":\"ESTA\u00c7\u00d5ES DE SERVI\u00c7O\"}]},{\"@type\":\"WebSite\",\"@id\":\"https:\/\/evsare.com\/#website\",\"url\":\"https:\/\/evsare.com\/\",\"name\":\"EVsare\",\"description\":\"La \u00faltima tecnolog\u00eda en servicios de recarga\",\"publisher\":{\"@id\":\"https:\/\/evsare.com\/#organization\"},\"potentialAction\":[{\"@type\":\"SearchAction\",\"target\":{\"@type\":\"EntryPoint\",\"urlTemplate\":\"https:\/\/evsare.com\/?s={search_term_string}\"},\"query-input\":{\"@type\":\"PropertyValueSpecification\",\"valueRequired\":true,\"valueName\":\"search_term_string\"}}],\"inLanguage\":\"pt-PT\"},{\"@type\":\"Organization\",\"@id\":\"https:\/\/evsare.com\/#organization\",\"name\":\"EVsare\",\"url\":\"https:\/\/evsare.com\/\",\"logo\":{\"@type\":\"ImageObject\",\"inLanguage\":\"pt-PT\",\"@id\":\"https:\/\/evsare.com\/#\/schema\/logo\/image\/\",\"url\":\"https:\/\/evsare.com\/wp-content\/uploads\/2025\/10\/evsare-favicon-152-2.png\",\"contentUrl\":\"https:\/\/evsare.com\/wp-content\/uploads\/2025\/10\/evsare-favicon-152-2.png\",\"width\":152,\"height\":152,\"caption\":\"EVsare\"},\"image\":{\"@id\":\"https:\/\/evsare.com\/#\/schema\/logo\/image\/\"},\"sameAs\":[\"https:\/\/es.linkedin.com\/company\/evsare\"]}]}<\/script>\n<!-- \/ Yoast SEO plugin. -->","yoast_head_json":{"title":"ESTA\u00c7\u00d5ES DE SERVI\u00c7O - EVsare","robots":{"index":"index","follow":"follow","max-snippet":"max-snippet:-1","max-image-preview":"max-image-preview:large","max-video-preview":"max-video-preview:-1"},"canonical":"https:\/\/evsare.com\/pt\/estacoes-de-servico\/","og_locale":"pt_PT","og_type":"article","og_title":"ESTA\u00c7\u00d5ES DE SERVI\u00c7O - EVsare","og_description":"[vc_section full_width=&#8221;stretch_row&#8221; css=&#8221;.vc_custom_1567435357272{padding-top: 70px !important;padding-bottom: 70px !important;background-color: #eeeeee !important;}&#8221;][vc_row][vc_column width=&#8221;1\/6&#8243;][\/vc_column][vc_column width=&#8221;2\/3&#8243;][vc_column_text el_class=&#8221;cnc-headline&#8221;] Aumento da autonomia rodovi\u00e1ria [\/vc_column_text][vc_column_text el_class=&#8221;cnc-headline small&#8221;] Fornecimento de energia para uma nova mobilidade [\/vc_column_text][vc_column_text]As esta\u00e7\u00f5es de Servi\u00e7o ampliam a sua oferta e oferecem aos seus clientes um novo servi\u00e7o de mobilidade el\u00e9trica que vai permitir: Captar e fidelizar clientes. Incrementar receitas, diretas e indiretas, por exemplo aumentando o tempo de estadia do utilizador nas esta\u00e7\u00f5es de Servi\u00e7o. Aporta \u00e0 companhia valores de inova\u00e7\u00e3o, digitaliza\u00e7\u00e3o e sustentabilidade. [\/vc_column_text][\/vc_column][vc_column width=&#8221;1\/6&#8243;][\/vc_column][\/vc_row][\/vc_section][vc_section full_width=&#8221;stretch_row&#8221; css=&#8221;.vc_custom_1569845295205{padding-top: 70px !important;padding-bottom: 70px !important;}&#8221;][vc_row][vc_column width=&#8221;1\/1&#8243;][vc_column_text] IBIL, l\u00edderes em tecnologia e sistemas de carregamento em Espanha [\/vc_column_text][vc_row_inner][vc_column_inner width=&#8221;1\/3&#8243;][vc_column_text]Especializa\u00e7\u00e3o A IBIL \u00e9 o parceiro eleito por Repsol, o l\u00edder nacional, para a eletrifica\u00e7\u00e3o das suas Esta\u00e7\u00f5es de Servi\u00e7o. A experi\u00eancia demonstrada nestes ambientes e sistemas tecnol\u00f3gicos pr\u00f3prios garantem o fornecimento e a satisfa\u00e7\u00e3o dos utilizadores. Se o cliente deseja, a imagem da pr\u00f3pria ES pode ser a marca de servi\u00e7o dos carregamentos. O utilizador final recebe o carregamento do ve\u00edculo el\u00e9trico como um produto adicional que lhe oferece o seu fornecedor habitual. Gra\u00e7as aos desenvolvimentos concretizados nos \u00faltimos 10 anos de experi\u00eancia, a incorpora\u00e7\u00e3o do servi\u00e7o de carregamento, na esta\u00e7\u00e3o, \u00e9 um processo r\u00e1pido e \u00e1gil.\u00a0 Al\u00e9m de se [&hellip;]","og_url":"https:\/\/evsare.com\/pt\/estacoes-de-servico\/","og_site_name":"EVsare","article_modified_time":"2020-03-04T09:48:57+00:00","twitter_card":"summary_large_image","twitter_misc":{"Tempo estimado de leitura":"5 minutos"},"schema":{"@context":"https:\/\/schema.org","@graph":[{"@type":"WebPage","@id":"https:\/\/evsare.com\/pt\/estacoes-de-servico\/","url":"https:\/\/evsare.com\/pt\/estacoes-de-servico\/","name":"ESTA\u00c7\u00d5ES DE SERVI\u00c7O - EVsare","isPartOf":{"@id":"https:\/\/evsare.com\/#website"},"datePublished":"2019-09-02T13:39:40+00:00","dateModified":"2020-03-04T09:48:57+00:00","breadcrumb":{"@id":"https:\/\/evsare.com\/pt\/estacoes-de-servico\/#breadcrumb"},"inLanguage":"pt-PT","potentialAction":[{"@type":"ReadAction","target":["https:\/\/evsare.com\/pt\/estacoes-de-servico\/"]}]},{"@type":"BreadcrumbList","@id":"https:\/\/evsare.com\/pt\/estacoes-de-servico\/#breadcrumb","itemListElement":[{"@type":"ListItem","position":1,"name":"Home","item":"https:\/\/evsare.com\/pt\/"},{"@type":"ListItem","position":2,"name":"ESTA\u00c7\u00d5ES DE SERVI\u00c7O"}]},{"@type":"WebSite","@id":"https:\/\/evsare.com\/#website","url":"https:\/\/evsare.com\/","name":"EVsare","description":"La \u00faltima tecnolog\u00eda en servicios de recarga","publisher":{"@id":"https:\/\/evsare.com\/#organization"},"potentialAction":[{"@type":"SearchAction","target":{"@type":"EntryPoint","urlTemplate":"https:\/\/evsare.com\/?s={search_term_string}"},"query-input":{"@type":"PropertyValueSpecification","valueRequired":true,"valueName":"search_term_string"}}],"inLanguage":"pt-PT"},{"@type":"Organization","@id":"https:\/\/evsare.com\/#organization","name":"EVsare","url":"https:\/\/evsare.com\/","logo":{"@type":"ImageObject","inLanguage":"pt-PT","@id":"https:\/\/evsare.com\/#\/schema\/logo\/image\/","url":"https:\/\/evsare.com\/wp-content\/uploads\/2025\/10\/evsare-favicon-152-2.png","contentUrl":"https:\/\/evsare.com\/wp-content\/uploads\/2025\/10\/evsare-favicon-152-2.png","width":152,"height":152,"caption":"EVsare"},"image":{"@id":"https:\/\/evsare.com\/#\/schema\/logo\/image\/"},"sameAs":["https:\/\/es.linkedin.com\/company\/evsare"]}]}},"_links":{"self":[{"href":"https:\/\/evsare.com\/pt\/wp-json\/wp\/v2\/pages\/18629","targetHints":{"allow":["GET"]}}],"collection":[{"href":"https:\/\/evsare.com\/pt\/wp-json\/wp\/v2\/pages"}],"about":[{"href":"https:\/\/evsare.com\/pt\/wp-json\/wp\/v2\/types\/page"}],"author":[{"embeddable":true,"href":"https:\/\/evsare.com\/pt\/wp-json\/wp\/v2\/users\/1"}],"replies":[{"embeddable":true,"href":"https:\/\/evsare.com\/pt\/wp-json\/wp\/v2\/comments?post=18629"}],"version-history":[{"count":0,"href":"https:\/\/evsare.com\/pt\/wp-json\/wp\/v2\/pages\/18629\/revisions"}],"wp:attachment":[{"href":"https:\/\/evsare.com\/pt\/wp-json\/wp\/v2\/media?parent=18629"}],"curies":[{"name":"wp","href":"https:\/\/api.w.org\/{rel}","templated":true}]}}