{"id":18471,"date":"2019-10-03T09:56:45","date_gmt":"2019-10-03T07:56:45","guid":{"rendered":"https:\/\/ibil.wpengine.com\/politica-de-cookies\/"},"modified":"2020-02-06T12:11:29","modified_gmt":"2020-02-06T11:11:29","slug":"politica-de-cookies","status":"publish","type":"page","link":"https:\/\/evsare.com\/pt\/politica-de-cookies\/","title":{"rendered":"Pol\u00edtica de cookies"},"content":{"rendered":"<div class=\"wpb-content-wrapper\"><p>[vc_row][vc_column][vc_column_text]<strong>O que \u00e9 uma Cookie?<\/strong><\/p>\n<p>Uma cookie \u00e9 um pequeno ficheiro de texto que um Website coloca no seu PC, telefone ou qualquer outro aparelho, com informa\u00e7\u00f5es sobre a sua navega\u00e7\u00e3o nesse Website. As cookies, s\u00e3o necess\u00e1rias para facilitar a navega\u00e7\u00e3o e torn\u00e1-la mais amig\u00e1vel.<\/p>\n<p>Embora nesta pol\u00edtica se use o termo geral de \u201cCookie\u201d, pois este \u00e9 o principal m\u00e9todo de armazenamento de informa\u00e7\u00f5es usado neste Website, tamb\u00e9m se usa o espa\u00e7o de \u201cArmazenamento local\u201d do navegador para as mesmas finalidades que as Cookies. Neste sentido, todas as informa\u00e7\u00f5es inclu\u00eddas nesta se\u00e7\u00e3o \u00e9 igualmente aplic\u00e1vel a esse \u201cArmazenamento Local\u201d.<\/p>\n<p>&nbsp;<\/p>\n<p><strong>Para que servem as Cookies neste Website?<\/strong><\/p>\n<p>As cookies s\u00e3o uma parte essencial de como funciona o nosso Website. O objetivo principal das nossas Cookies \u00e9 melhorar a sua experi\u00eancia durante a navega\u00e7\u00e3o. Por exemplo, s\u00e3o usadas para recordar as suas prefer\u00eancias durante a navega\u00e7\u00e3o e em futuras visitas.<\/p>\n<p>As informa\u00e7\u00f5es recolhidas pelas Cookies permitem-nos, igualmente, melhorar o nosso Website, pois proporcionam estimativas sobre n\u00fameros e padr\u00f5es de uso, e adaptar o nosso Website aos interesses individuais dos utilizadores, a acelera\u00e7\u00e3o das pesquisas, etc.<\/p>\n<p>&nbsp;<\/p>\n<p><strong>Para que N\u00c3O se usam as Cookies neste Website?<\/strong><\/p>\n<p>As cookies que utilizamos n\u00e3o armazenam informa\u00e7\u00e3o sens\u00edvel em termos de identifica\u00e7\u00e3o pessoal, como por exemplo endere\u00e7os, os dados do seu cart\u00e3o de d\u00e9bito, etc.,<\/p>\n<p><strong>\u00a0<\/strong><\/p>\n<p><strong>Quem usa as informa\u00e7\u00f5es armazenadas nas Cookies? <\/strong><\/p>\n<p>As informa\u00e7\u00f5es armazenadas nas Cookies do nosso website s\u00e3o usadas exclusivamente por n\u00f3s, s\u00e3o Cookies t\u00e9cnicas e de personaliza\u00e7\u00e3o: de identifica\u00e7\u00e3o e autentica\u00e7\u00e3o, navega\u00e7\u00e3o, personaliza\u00e7\u00e3o da interface, favoritos e Cookies de an\u00e1lise de navega\u00e7\u00e3o, com exce\u00e7\u00e3o das assinaladas mais abaixo como \u201cCookies de terceiros\u201d, que s\u00e3o usadas e geridas por entidades externas para oferecer-nos os servi\u00e7os solicitados por n\u00f3s para melhorar os nossos servi\u00e7os e a experi\u00eancia do utilizador, quando este navega no nosso Website. Os principais servi\u00e7os, para os quais s\u00e3o usadas estas \u201cCookies de terceiros\u201d, s\u00e3o a obten\u00e7\u00e3o das estat\u00edsticas de acesso: <em>google analytics<\/em>.<\/p>\n<p><strong>\u00a0<\/strong><\/p>\n<p><strong>Como posso evitar o uso de Cookies neste website?<\/strong><\/p>\n<p>Caso opte por evitar o uso de Cookies neste Website, tendo em conta as limita\u00e7\u00f5es supracitadas deve, em primeiro lugar, desabilitar no seu navegador o uso de Cookies e, em segundo lugar, eliminar as Cookies armazenadas no seu navegador associadas a este Website.<\/p>\n<p>Poder\u00e1, a qualquer altura, optar por evitar o uso de Cookies.<\/p>\n<p><strong>\u00a0<\/strong><\/p>\n<p><strong>Como desabilito e elimino o uso das Cookies?<\/strong><\/p>\n<p>Para restringir, bloquear ou apagar as Cookies deste website poder\u00e1 faz\u00ea-lo, a qualquer altura, modificando a configura\u00e7\u00e3o do seu navegador, seguindo as diretrizes que indicamos a seguir. Embora a parametriza\u00e7\u00e3o de cada navegador seja diferente, \u00e9 habitual que a configura\u00e7\u00e3o das Cookies seja realizada no menu de \u201cPrefer\u00eancias\u201d ou \u201cFerramentas\u201d. Para mais detalhes sobre a configura\u00e7\u00e3o das Cookies no seu navegador, consulte o menu \u201cAjuda\u201d do mesmo.<\/p>\n<p><strong>\u00a0<\/strong><\/p>\n<p><strong>Que Cookies concretas usa este Website e para que servem?<\/strong><\/p>\n<p>Inclu\u00edmos mais abaixo, uma tabela com as Cookies, tags ou outros dispositivos similares usados neste Website, juntamente com a descri\u00e7\u00e3o e exemplo do uso das mesmas:<\/p>\n<p><strong>DO RENDIMENTO<\/strong><\/p>\n<p>Estas cookies s\u00e3o usadas para melhoria das suas experi\u00eancias de navega\u00e7\u00e3o e optimiza\u00e7\u00e3o do funcionamento dos nossos Websites.<\/p>\n<p>Estas armazenam configura\u00e7\u00f5es de servi\u00e7os para que n\u00e3o tenha que configur\u00e1-los cada vez que nos visite.<\/p>\n<p>Exemplo de uso:<\/p>\n<ul>\n<li>Ajustes do volume das reprodu\u00e7\u00f5es de v\u00eddeo e \u00e1udio.<\/li>\n<li>Velocidades \u00f3ptimas de transmiss\u00e3o de v\u00eddeos.<\/li>\n<li>Armazenam a compra realizada num \u201ccarrinho da compra\u201d nos servi\u00e7os E-commerce.<\/li>\n<\/ul>\n<p>&nbsp;<\/p>\n<p><strong>DE GEOLOCALIZA\u00c7\u00c3O<\/strong><\/p>\n<p>Estas cookies s\u00e3o usadas para armazenamento de dados de geolocaliza\u00e7\u00e3o do computador ou aparelhos para lhe oferecer os conte\u00fados e servi\u00e7os mais adequados.<\/p>\n<p>Exemplo de uso:<\/p>\n<ul>\n<li>Conte\u00fados ajustados ao pa\u00eds, cultura, l\u00edngua, etc.<\/li>\n<\/ul>\n<p><strong>DE REGISTO<\/strong><\/p>\n<p>As cookies de registo s\u00e3o criadas ao inscrever-se ou quando inicie uma sess\u00e3o num dos nossos portais web.<\/p>\n<p>Exemplo de uso:<\/p>\n<ul>\n<li>Poder\u00e1 manter-se autenticado, embora encerre o navegador, assim ao regressar seguir\u00e1 identificado(a), a n\u00e3o ser que desligue ou feche a sess\u00e3o.<\/li>\n<li>Para aceder a determinadas zonas dos nosso portais Web, por exemplo para participar num concurso.<\/li>\n<\/ul>\n<p><strong>ANAL\u00cdTICAS<\/strong><\/p>\n<p>Estas cookies coletam informa\u00e7\u00f5es sobre a sua experi\u00eancia de navega\u00e7\u00e3o, nos nossos portais Web, de forma totalmente an\u00f3nima.<\/p>\n<p>Exemplo de uso:<\/p>\n<ul>\n<li>Permite-nos contabilizar o n\u00famero de visitantes<\/li>\n<li>Podemos saber se o utilizador repete visita.<\/li>\n<li>Estes dados podem ser-nos \u00fateis \u00e0 hora de melhorar a navega\u00e7\u00e3o e os nossos servi\u00e7os<\/li>\n<\/ul>\n<p><strong>DE PUBLICIDADE<\/strong><\/p>\n<p>Estas cookies coletam dados sobre os an\u00fancios apresentados a cada utilizador an\u00f3nimo, nos portais Web.<\/p>\n<p>Exemplo de uso:<\/p>\n<ul>\n<li>Adaptar a publicidade ao tipo de aparelho, atrav\u00e9s do qual o utilizador se conecta a Internet,.<\/li>\n<li>Oferecer an\u00fancios geridos por terceiros que sejam apresentados neste Website em tempo real.<\/li>\n<\/ul>\n<p>[\/vc_column_text][\/vc_column][\/vc_row]<\/p>\n<\/div>","protected":false},"excerpt":{"rendered":"<p>[vc_row][vc_column][vc_column_text]O que \u00e9 uma Cookie? Uma cookie \u00e9 um pequeno ficheiro de texto que um Website coloca no seu PC, telefone ou qualquer outro aparelho, com informa\u00e7\u00f5es sobre a sua navega\u00e7\u00e3o nesse Website. As cookies, s\u00e3o necess\u00e1rias para facilitar a navega\u00e7\u00e3o e torn\u00e1-la mais amig\u00e1vel. Embora nesta pol\u00edtica se use o termo geral de \u201cCookie\u201d, pois este \u00e9 o principal m\u00e9todo de armazenamento de informa\u00e7\u00f5es usado neste Website, tamb\u00e9m se usa o espa\u00e7o de \u201cArmazenamento local\u201d do navegador para as mesmas finalidades que as Cookies. Neste sentido, todas as informa\u00e7\u00f5es inclu\u00eddas nesta se\u00e7\u00e3o \u00e9 igualmente aplic\u00e1vel a esse \u201cArmazenamento Local\u201d. &nbsp; Para que servem as Cookies neste Website? As cookies s\u00e3o uma parte essencial de como funciona o nosso Website. O objetivo principal das nossas Cookies \u00e9 melhorar a sua experi\u00eancia durante a navega\u00e7\u00e3o. Por exemplo, s\u00e3o usadas para recordar as suas prefer\u00eancias durante a navega\u00e7\u00e3o e em futuras visitas. As informa\u00e7\u00f5es recolhidas pelas Cookies permitem-nos, igualmente, melhorar o nosso Website, pois proporcionam estimativas sobre n\u00fameros e padr\u00f5es de uso, e adaptar o nosso Website aos interesses individuais dos utilizadores, a acelera\u00e7\u00e3o das pesquisas, etc. &nbsp; Para que N\u00c3O se usam as Cookies neste Website? As cookies que utilizamos n\u00e3o [&hellip;]<\/p>\n","protected":false},"author":1,"featured_media":0,"parent":0,"menu_order":0,"comment_status":"closed","ping_status":"open","template":"","meta":{"footnotes":""},"class_list":["post-18471","page","type-page","status-publish","hentry"],"yoast_head":"<!-- This site is optimized with the Yoast SEO plugin v26.3 - https:\/\/yoast.com\/wordpress\/plugins\/seo\/ -->\n<title>Pol\u00edtica de cookies - EVsare<\/title>\n<meta name=\"robots\" content=\"index, follow, max-snippet:-1, max-image-preview:large, max-video-preview:-1\" \/>\n<link rel=\"canonical\" href=\"https:\/\/evsare.com\/pt\/politica-de-cookies\/\" \/>\n<meta property=\"og:locale\" content=\"pt_PT\" \/>\n<meta property=\"og:type\" content=\"article\" \/>\n<meta property=\"og:title\" content=\"Pol\u00edtica de cookies - EVsare\" \/>\n<meta property=\"og:description\" content=\"[vc_row][vc_column][vc_column_text]O que \u00e9 uma Cookie? Uma cookie \u00e9 um pequeno ficheiro de texto que um Website coloca no seu PC, telefone ou qualquer outro aparelho, com informa\u00e7\u00f5es sobre a sua navega\u00e7\u00e3o nesse Website. As cookies, s\u00e3o necess\u00e1rias para facilitar a navega\u00e7\u00e3o e torn\u00e1-la mais amig\u00e1vel. Embora nesta pol\u00edtica se use o termo geral de \u201cCookie\u201d, pois este \u00e9 o principal m\u00e9todo de armazenamento de informa\u00e7\u00f5es usado neste Website, tamb\u00e9m se usa o espa\u00e7o de \u201cArmazenamento local\u201d do navegador para as mesmas finalidades que as Cookies. Neste sentido, todas as informa\u00e7\u00f5es inclu\u00eddas nesta se\u00e7\u00e3o \u00e9 igualmente aplic\u00e1vel a esse \u201cArmazenamento Local\u201d. &nbsp; Para que servem as Cookies neste Website? As cookies s\u00e3o uma parte essencial de como funciona o nosso Website. O objetivo principal das nossas Cookies \u00e9 melhorar a sua experi\u00eancia durante a navega\u00e7\u00e3o. Por exemplo, s\u00e3o usadas para recordar as suas prefer\u00eancias durante a navega\u00e7\u00e3o e em futuras visitas. As informa\u00e7\u00f5es recolhidas pelas Cookies permitem-nos, igualmente, melhorar o nosso Website, pois proporcionam estimativas sobre n\u00fameros e padr\u00f5es de uso, e adaptar o nosso Website aos interesses individuais dos utilizadores, a acelera\u00e7\u00e3o das pesquisas, etc. &nbsp; Para que N\u00c3O se usam as Cookies neste Website? As cookies que utilizamos n\u00e3o [&hellip;]\" \/>\n<meta property=\"og:url\" content=\"https:\/\/evsare.com\/pt\/politica-de-cookies\/\" \/>\n<meta property=\"og:site_name\" content=\"EVsare\" \/>\n<meta property=\"article:modified_time\" content=\"2020-02-06T11:11:29+00:00\" \/>\n<meta name=\"twitter:card\" content=\"summary_large_image\" \/>\n<meta name=\"twitter:label1\" content=\"Tempo estimado de leitura\" \/>\n\t<meta name=\"twitter:data1\" content=\"4 minutos\" \/>\n<script type=\"application\/ld+json\" class=\"yoast-schema-graph\">{\"@context\":\"https:\/\/schema.org\",\"@graph\":[{\"@type\":\"WebPage\",\"@id\":\"https:\/\/evsare.com\/pt\/politica-de-cookies\/\",\"url\":\"https:\/\/evsare.com\/pt\/politica-de-cookies\/\",\"name\":\"Pol\u00edtica de cookies - EVsare\",\"isPartOf\":{\"@id\":\"https:\/\/evsare.com\/#website\"},\"datePublished\":\"2019-10-03T07:56:45+00:00\",\"dateModified\":\"2020-02-06T11:11:29+00:00\",\"breadcrumb\":{\"@id\":\"https:\/\/evsare.com\/pt\/politica-de-cookies\/#breadcrumb\"},\"inLanguage\":\"pt-PT\",\"potentialAction\":[{\"@type\":\"ReadAction\",\"target\":[\"https:\/\/evsare.com\/pt\/politica-de-cookies\/\"]}]},{\"@type\":\"BreadcrumbList\",\"@id\":\"https:\/\/evsare.com\/pt\/politica-de-cookies\/#breadcrumb\",\"itemListElement\":[{\"@type\":\"ListItem\",\"position\":1,\"name\":\"Home\",\"item\":\"https:\/\/evsare.com\/pt\/\"},{\"@type\":\"ListItem\",\"position\":2,\"name\":\"Pol\u00edtica de cookies\"}]},{\"@type\":\"WebSite\",\"@id\":\"https:\/\/evsare.com\/#website\",\"url\":\"https:\/\/evsare.com\/\",\"name\":\"EVsare\",\"description\":\"La \u00faltima tecnolog\u00eda en servicios de recarga\",\"publisher\":{\"@id\":\"https:\/\/evsare.com\/#organization\"},\"potentialAction\":[{\"@type\":\"SearchAction\",\"target\":{\"@type\":\"EntryPoint\",\"urlTemplate\":\"https:\/\/evsare.com\/?s={search_term_string}\"},\"query-input\":{\"@type\":\"PropertyValueSpecification\",\"valueRequired\":true,\"valueName\":\"search_term_string\"}}],\"inLanguage\":\"pt-PT\"},{\"@type\":\"Organization\",\"@id\":\"https:\/\/evsare.com\/#organization\",\"name\":\"EVsare\",\"url\":\"https:\/\/evsare.com\/\",\"logo\":{\"@type\":\"ImageObject\",\"inLanguage\":\"pt-PT\",\"@id\":\"https:\/\/evsare.com\/#\/schema\/logo\/image\/\",\"url\":\"https:\/\/evsare.com\/wp-content\/uploads\/2025\/10\/evsare-favicon-152-2.png\",\"contentUrl\":\"https:\/\/evsare.com\/wp-content\/uploads\/2025\/10\/evsare-favicon-152-2.png\",\"width\":152,\"height\":152,\"caption\":\"EVsare\"},\"image\":{\"@id\":\"https:\/\/evsare.com\/#\/schema\/logo\/image\/\"},\"sameAs\":[\"https:\/\/es.linkedin.com\/company\/evsare\"]}]}<\/script>\n<!-- \/ Yoast SEO plugin. -->","yoast_head_json":{"title":"Pol\u00edtica de cookies - EVsare","robots":{"index":"index","follow":"follow","max-snippet":"max-snippet:-1","max-image-preview":"max-image-preview:large","max-video-preview":"max-video-preview:-1"},"canonical":"https:\/\/evsare.com\/pt\/politica-de-cookies\/","og_locale":"pt_PT","og_type":"article","og_title":"Pol\u00edtica de cookies - EVsare","og_description":"[vc_row][vc_column][vc_column_text]O que \u00e9 uma Cookie? Uma cookie \u00e9 um pequeno ficheiro de texto que um Website coloca no seu PC, telefone ou qualquer outro aparelho, com informa\u00e7\u00f5es sobre a sua navega\u00e7\u00e3o nesse Website. As cookies, s\u00e3o necess\u00e1rias para facilitar a navega\u00e7\u00e3o e torn\u00e1-la mais amig\u00e1vel. Embora nesta pol\u00edtica se use o termo geral de \u201cCookie\u201d, pois este \u00e9 o principal m\u00e9todo de armazenamento de informa\u00e7\u00f5es usado neste Website, tamb\u00e9m se usa o espa\u00e7o de \u201cArmazenamento local\u201d do navegador para as mesmas finalidades que as Cookies. Neste sentido, todas as informa\u00e7\u00f5es inclu\u00eddas nesta se\u00e7\u00e3o \u00e9 igualmente aplic\u00e1vel a esse \u201cArmazenamento Local\u201d. &nbsp; Para que servem as Cookies neste Website? As cookies s\u00e3o uma parte essencial de como funciona o nosso Website. O objetivo principal das nossas Cookies \u00e9 melhorar a sua experi\u00eancia durante a navega\u00e7\u00e3o. Por exemplo, s\u00e3o usadas para recordar as suas prefer\u00eancias durante a navega\u00e7\u00e3o e em futuras visitas. As informa\u00e7\u00f5es recolhidas pelas Cookies permitem-nos, igualmente, melhorar o nosso Website, pois proporcionam estimativas sobre n\u00fameros e padr\u00f5es de uso, e adaptar o nosso Website aos interesses individuais dos utilizadores, a acelera\u00e7\u00e3o das pesquisas, etc. &nbsp; Para que N\u00c3O se usam as Cookies neste Website? As cookies que utilizamos n\u00e3o [&hellip;]","og_url":"https:\/\/evsare.com\/pt\/politica-de-cookies\/","og_site_name":"EVsare","article_modified_time":"2020-02-06T11:11:29+00:00","twitter_card":"summary_large_image","twitter_misc":{"Tempo estimado de leitura":"4 minutos"},"schema":{"@context":"https:\/\/schema.org","@graph":[{"@type":"WebPage","@id":"https:\/\/evsare.com\/pt\/politica-de-cookies\/","url":"https:\/\/evsare.com\/pt\/politica-de-cookies\/","name":"Pol\u00edtica de cookies - EVsare","isPartOf":{"@id":"https:\/\/evsare.com\/#website"},"datePublished":"2019-10-03T07:56:45+00:00","dateModified":"2020-02-06T11:11:29+00:00","breadcrumb":{"@id":"https:\/\/evsare.com\/pt\/politica-de-cookies\/#breadcrumb"},"inLanguage":"pt-PT","potentialAction":[{"@type":"ReadAction","target":["https:\/\/evsare.com\/pt\/politica-de-cookies\/"]}]},{"@type":"BreadcrumbList","@id":"https:\/\/evsare.com\/pt\/politica-de-cookies\/#breadcrumb","itemListElement":[{"@type":"ListItem","position":1,"name":"Home","item":"https:\/\/evsare.com\/pt\/"},{"@type":"ListItem","position":2,"name":"Pol\u00edtica de cookies"}]},{"@type":"WebSite","@id":"https:\/\/evsare.com\/#website","url":"https:\/\/evsare.com\/","name":"EVsare","description":"La \u00faltima tecnolog\u00eda en servicios de recarga","publisher":{"@id":"https:\/\/evsare.com\/#organization"},"potentialAction":[{"@type":"SearchAction","target":{"@type":"EntryPoint","urlTemplate":"https:\/\/evsare.com\/?s={search_term_string}"},"query-input":{"@type":"PropertyValueSpecification","valueRequired":true,"valueName":"search_term_string"}}],"inLanguage":"pt-PT"},{"@type":"Organization","@id":"https:\/\/evsare.com\/#organization","name":"EVsare","url":"https:\/\/evsare.com\/","logo":{"@type":"ImageObject","inLanguage":"pt-PT","@id":"https:\/\/evsare.com\/#\/schema\/logo\/image\/","url":"https:\/\/evsare.com\/wp-content\/uploads\/2025\/10\/evsare-favicon-152-2.png","contentUrl":"https:\/\/evsare.com\/wp-content\/uploads\/2025\/10\/evsare-favicon-152-2.png","width":152,"height":152,"caption":"EVsare"},"image":{"@id":"https:\/\/evsare.com\/#\/schema\/logo\/image\/"},"sameAs":["https:\/\/es.linkedin.com\/company\/evsare"]}]}},"_links":{"self":[{"href":"https:\/\/evsare.com\/pt\/wp-json\/wp\/v2\/pages\/18471","targetHints":{"allow":["GET"]}}],"collection":[{"href":"https:\/\/evsare.com\/pt\/wp-json\/wp\/v2\/pages"}],"about":[{"href":"https:\/\/evsare.com\/pt\/wp-json\/wp\/v2\/types\/page"}],"author":[{"embeddable":true,"href":"https:\/\/evsare.com\/pt\/wp-json\/wp\/v2\/users\/1"}],"replies":[{"embeddable":true,"href":"https:\/\/evsare.com\/pt\/wp-json\/wp\/v2\/comments?post=18471"}],"version-history":[{"count":0,"href":"https:\/\/evsare.com\/pt\/wp-json\/wp\/v2\/pages\/18471\/revisions"}],"wp:attachment":[{"href":"https:\/\/evsare.com\/pt\/wp-json\/wp\/v2\/media?parent=18471"}],"curies":[{"name":"wp","href":"https:\/\/api.w.org\/{rel}","templated":true}]}}